{"id":5558,"date":"2016-08-02T11:29:16","date_gmt":"2016-08-02T11:29:16","guid":{"rendered":"http:\/\/demo.wpzoom.com\/videobox\/?page_id=5558"},"modified":"2025-03-03T16:57:20","modified_gmt":"2025-03-03T15:57:20","slug":"submit-a-video","status":"publish","type":"page","link":"https:\/\/birdieztv.fr\/?page_id=5558","title":{"rendered":"Envoyez-nous vos vid\u00e9os !"},"content":{"rendered":"\n<p>Que l&rsquo;on soit amateur aguerri, d\u00e9butant ou joueur-euse professionel-le, la pratique du Golf g\u00e9n\u00e8re des moments que l&rsquo;on aime toutes et tous partager entre amis.<\/p>\n\n\n\n<p>Ainsi, si vous aimez vous filmer lors de vos parties et\/ou entra\u00eenements, n&rsquo;h\u00e9sitez pas \u00e0 nous adresser <strong>vos vid\u00e9os<\/strong> \u00e0 l&rsquo;adresse mail suivante : <strong><a href=\"mailto:contact@birdiez.tv\">contact@birdiez.tv<\/a><\/strong> et nous les diffuserons dans un bloc sp\u00e9cialement d\u00e9di\u00e9, intitul\u00e9 <strong>\u00ab\u00a0Do It Yourself\u00a0\u00bb.<\/strong><\/p>\n\n\n\n<p><\/p>\n","protected":false},"excerpt":{"rendered":"<p>Que l&rsquo;on soit amateur aguerri, d\u00e9butant ou joueur-euse professionel-le, la pratique du Golf g\u00e9n\u00e8re des moments que l&rsquo;on aime toutes et tous partager entre amis. Ainsi, si vous aimez vous filmer lors de vos parties et\/ou entra\u00eenements, n&rsquo;h\u00e9sitez pas \u00e0 nous adresser vos vid\u00e9os \u00e0 [&hellip;]<\/p>\n","protected":false},"author":1,"featured_media":5736,"parent":0,"menu_order":0,"comment_status":"closed","ping_status":"closed","template":"","meta":{"footnotes":""},"class_list":["post-5558","page","type-page","status-publish","has-post-thumbnail","hentry"],"_links":{"self":[{"href":"https:\/\/birdieztv.fr\/index.php?rest_route=\/wp\/v2\/pages\/5558","targetHints":{"allow":["GET"]}}],"collection":[{"href":"https:\/\/birdieztv.fr\/index.php?rest_route=\/wp\/v2\/pages"}],"about":[{"href":"https:\/\/birdieztv.fr\/index.php?rest_route=\/wp\/v2\/types\/page"}],"author":[{"embeddable":true,"href":"https:\/\/birdieztv.fr\/index.php?rest_route=\/wp\/v2\/users\/1"}],"replies":[{"embeddable":true,"href":"https:\/\/birdieztv.fr\/index.php?rest_route=%2Fwp%2Fv2%2Fcomments&post=5558"}],"version-history":[{"count":4,"href":"https:\/\/birdieztv.fr\/index.php?rest_route=\/wp\/v2\/pages\/5558\/revisions"}],"predecessor-version":[{"id":5739,"href":"https:\/\/birdieztv.fr\/index.php?rest_route=\/wp\/v2\/pages\/5558\/revisions\/5739"}],"wp:featuredmedia":[{"embeddable":true,"href":"https:\/\/birdieztv.fr\/index.php?rest_route=\/wp\/v2\/media\/5736"}],"wp:attachment":[{"href":"https:\/\/birdieztv.fr\/index.php?rest_route=%2Fwp%2Fv2%2Fmedia&parent=5558"}],"curies":[{"name":"wp","href":"https:\/\/api.w.org\/{rel}","templated":true}]}}